{"id":102,"date":"2018-03-21T08:25:22","date_gmt":"2018-03-21T06:25:22","guid":{"rendered":"http:\/\/heikkoset.16mb.com\/?page_id=102"},"modified":"2018-03-21T08:25:26","modified_gmt":"2018-03-21T06:25:26","slug":"saannot","status":"publish","type":"page","link":"https:\/\/heikkoset.16mb.com\/index.php\/saannot\/","title":{"rendered":"S\u00e4\u00e4nn\u00f6t"},"content":{"rendered":"<p><strong>HEIKKOSTEN SUKUSEURA RY:N S\u00c4\u00c4NN\u00d6T<\/strong><\/p>\n<p><strong>1 \u00a7 NIMI JA KOTIPAIKKA<\/strong><\/p>\n<p>Yhdistyksen nimi on Heikkosten Sukuseura ry, kotipaikka Helsingin kaupunki ja toimialue, koko maa. Yhdistyst\u00e4 kutsutaan j\u00e4ljemp\u00e4n\u00e4 sukuseurakasi tai seuraksi.<\/p>\n<p><strong>2 \u00a7 TARKOITUS JA TOIMINTA<\/strong><\/p>\n<p>Sukuseuran tarkoituksena on selvitt\u00e4\u00e4 suvun vaiheita ja historiaa, vaalia suvun perinteit\u00e4 ja edist\u00e4\u00e4 yhteenkuuluvuuden tunnetta j\u00e4sentens\u00e4 keskuudessa.<\/p>\n<p>Tarkoituksensa toteuttamiseksi sukuseura pyrkii:<\/p>\n<p>&#8211;\u00a0\u00a0\u00a0\u00a0\u00a0\u00a0\u00a0 J\u00e4rjest\u00e4m\u00e4\u00e4n yhteisi\u00e4 kokouksia, sukup\u00e4ivi\u00e4, retki\u00e4 ja muita seuran toimintaan liittyvi\u00e4 samantapaisia tilaisuuksia,<\/p>\n<p>&#8211;\u00a0\u00a0\u00a0\u00a0\u00a0\u00a0\u00a0 ker\u00e4\u00e4m\u00e4\u00e4n ja arkistoimaan sukua koskevaa tietoutta sek\u00e4 saattamaan sit\u00e4 j\u00e4senten tietoon,<\/p>\n<p>&#8211;\u00a0\u00a0\u00a0\u00a0\u00a0\u00a0\u00a0 harjoittamaan sukuseuran tarkoitusperi\u00e4 edist\u00e4v\u00e4\u00e4 julkaisutoimintaa sek\u00e4<\/p>\n<p>&#8211;\u00a0\u00a0\u00a0\u00a0\u00a0\u00a0\u00a0 pit\u00e4m\u00e4\u00e4n luetteloa suvun j\u00e4senist\u00e4.<\/p>\n<p>Toimintansa tukemiseksi seura voi otta vastaan testamentattua tai lahjoitettua omaisuutta, perustaa rahastoja sek\u00e4 asianomaisella luvalla j\u00e4rjest\u00e4\u00e4 varainker\u00e4yksi\u00e4 ja arpajaisia. Seura voi my\u00f6s omistaa toimintansa kannalta tarpelllisia kiinteist\u00f6j\u00e4.<\/p>\n<p><strong>3 \u00a7 J\u00c4SENET<\/strong><\/p>\n<p>Sukuseuran varsinaiseksi j\u00e4seneksi voidaan hyv\u00e4ksy\u00e4 jokainen 18 vuotta t\u00e4ytt\u00e4nyt henkil\u00f6, joka is\u00e4n tai \u00e4idin puolelta on sukuun kuuluva tai joka avioliiton kautta siihen liittynyt. Sukuseuran j\u00e4senet hyv\u00e4ksyy seuran hallitus.<\/p>\n<p>J\u00e4senell\u00e4 on oikeus erota sukuseurasta ilmoittamalla siit\u00e4 kirjallisesti hallitukselle tai sen puheenjohtajalle taikka ilmoittamalla eroamisesta seuran kokouksessa.Varsinaisilta j\u00e4senilt\u00e4 peritt\u00e4v\u00e4n liittymis- ja vuotuisen j\u00e4senmaksun suuruudesta p\u00e4\u00e4tt\u00e4\u00e4 vuosikokous. Seuran hallitus voi my\u00f6nt\u00e4\u00e4 vapautuksen j\u00e4senmaksusta korkean i\u00e4n, sairauden tai muun vastaavan syyn aiheuttaman maksukyvyn heikentymisen perusteella.<\/p>\n<p>Sukuseuran ainaisj\u00e4seneksi katsotaan j\u00e4sen, joka yhdell\u00e4 kertaa suorittaa j\u00e4senmaksun kymmenkertaisena.<\/p>\n<p>J\u00e4sen, joka kolmena per\u00e4kk\u00e4isen\u00e4 vuotena j\u00e4tt\u00e4\u00e4 j\u00e4senmaksunsa maksamatta, katsotaan eronneeksi.<\/p>\n<p>Seuran j\u00e4senen alle 18- vuotiaat lapset voivat liitty\u00e4 seuraan nuorisoj\u00e4senin\u00e4, jotka ovat vapaat j\u00e4senmaksusta ja joilla ei ole \u00e4\u00e4nioikeutta seuran kokouksissa.<\/p>\n<p>Hallituksen esityksest\u00e4 voi vuosikokous kutsua sukuseuran kunniaj\u00e4seneksi henkil\u00f6n, joka on erityisesti ansioitunut seuran toiminnassa. Kunniaj\u00e4sen on vapaa j\u00e4senmaksusta.<\/p>\n<p>Sukuseuran j\u00e4senluetteloa pit\u00e4\u00e4 seuran hallitus.<\/p>\n<p><strong>4 \u00a7 HALLITUS<\/strong><\/p>\n<p>Sukuseuran asioita hoitaa seuran hallitus, joka valitaan vuosikokouksessa.<\/p>\n<p>Hallitukseen kuuluu puheenjohtaja, varapuheenjohtaja sek\u00e4 v\u00e4hint\u00e4\u00e4n kolme (3) ja enint\u00e4\u00e4n viisi (5) muuta j\u00e4sent\u00e4.Hallituksen toimikausi on vuosikokousten v\u00e4linen aika. Hallitus valitsee keskuudestaan tai ulkopuolelta seuran sihteerin, rahastonhoitajan ja muut tarvittavat toimihenkil\u00f6t.<\/p>\n<p>Hallitus kokoontuu puheenjohtajan tai h\u00e4nen estyneen\u00e4 ollessaan varapuheenjohtajan kutsusta, ku he katsovat siihen olevan aihetta tai kun v\u00e4hint\u00e4\u00e4n kaksi hallituksen j\u00e4sent\u00e4 sit\u00e4 vaatii.<\/p>\n<p>Hallitus on p\u00e4\u00e4t\u00f6svaltainen, kun v\u00e4hint\u00e4\u00e4n puolet sen j\u00e4senist\u00e4, puheenjohtaja tai varapuheenjohtaja mukaan luettena on l\u00e4sn\u00e4. Asiat ratkaistaan yksinkertaisella \u00e4\u00e4nten enemmist\u00f6ll\u00e4. \u00c4\u00e4nten menness\u00e4 tasan ratkaisee puheenjohtajan mielipide, vaaleissa kuitenkin arpa. Hallituksen kokouksista on pidett\u00e4v\u00e4 p\u00e4\u00e4t\u00f6sp\u00f6yt\u00e4kirjaa.<\/p>\n<p><strong>5 \u00a7 SUKUSEURAN NIMEN KIRJOITTAMINEN<\/strong><\/p>\n<p>Sukuseuran nimen kirjoittaa puheenjohtaja tai varapuheenjohtaja jompikumpi yhdess\u00e4 sihteerin tai rahastonhoitajan kanssa.<\/p>\n<p><strong>6 \u00a7 TILIT<\/strong><\/p>\n<p>Sukuseuran tilikausi on kalenterivuosi ja toimikausi on vuosikokousten v\u00e4linen aika. Tilinp\u00e4\u00e4t\u00f6kset tarvittavine asiakirjoineen ja hallituksen vuosikertomukset on annettava tilintarkastajille tarkastettavaksi viimeist\u00e4\u00e4n kolme kuukautta ennen seuran vuosikokouksen pit\u00e4misajankohtaa.Tilintarkastajien lausunto tilien ja seuran hallinnon tarkastuksesta on j\u00e4tett\u00e4v\u00e4 hallitukselle viimeist\u00e4\u00e4n kuukausi ennen vuosikokouksen ajankohtaa.<\/p>\n<p><strong>7 \u00a7 SEURAN KOKOUSTEN KOOLLEKUTSUMINEN<\/strong><\/p>\n<p>Seuran kokoukset kutsuu koolle hallitus. Kokouskutsu on toimitettava viimeist\u00e4\u00e4n nelj\u00e4toista (14) p\u00e4iv\u00e4\u00e4 ennen kokousta, joko l\u00e4hett\u00e4m\u00e4ll\u00e4 kutsu kirjallisena kullekin j\u00e4senelle tai julkaisemalla kutsu seuran kotipaikkakunnalla ilmestyv\u00e4ss\u00e4 sanomalehdess\u00e4.<\/p>\n<p><strong>8 \u00a7 SEURAN KOKOUKSET<\/strong><\/p>\n<p>Seuran vuosikokous pidet\u00e4\u00e4n joka kolma (3) vuosi hallituksen m\u00e4\u00e4r\u00e4\u00e4m\u00e4n\u00e4 p\u00e4iv\u00e4n\u00e4 huhti-syyskuun aikana.<\/p>\n<p>Ylim\u00e4\u00e4r\u00e4inen kokous pidet\u00e4\u00e4n, kun seuran kokous niin p\u00e4\u00e4tt\u00e4\u00e4 tai kun hallitus katsoo siihen olevan aihetta tai kun v\u00e4hint\u00e4\u00e4n yksi kymmenesosa (1\/10) seuran \u00e4\u00e4nioikeutetuista j\u00e4senist\u00e4 sit\u00e4 hallitukselta erityisesti ilmoitettua asiaa varten kirjallisesti vaatii.<\/p>\n<p>Seuran kokouksessa jokaisella edellisen vuoden j\u00e4senmaksunsa maksaneella varsinaisella j\u00e4senell\u00e4 sek\u00e4 ainais- ja kunniaj\u00e4senell\u00e4 on \u00e4\u00e4nioikeus ja jokaisella \u00e4\u00e4nioikeutetulla yksi (1) \u00e4\u00e4ni.<\/p>\n<p>Seuran p\u00e4\u00e4t\u00f6kseksi tulee se mielipide, jota on kannattanut yli puolet annetuista \u00e4\u00e4nist\u00e4. \u00c4\u00e4nten menness\u00e4 tasan ratkaistaan vaalit arvalla. Muutoin p\u00e4\u00e4t\u00f6kseksi tulee kokouksen puheenjohtajan kannattama mielipide.<\/p>\n<p>&nbsp;<\/p>\n<p><strong>9 \u00a7 VUOSIKOKOUS<\/strong><\/p>\n<p>Seuran vuosikokouksessa k\u00e4sitell\u00e4\u00e4n seuraavat asiat:<\/p>\n<ol>\n<li>Kokouksen avaus<\/li>\n<li>Valitaan kokouksen puheenjohtaja, sihteeri, kaksi p\u00f6yt\u00e4kirjan tarkastajaa ja tarvittaessa kaksi\u00a0 \u00e4\u00e4ntenlaskijaa<\/li>\n<li>Todetaan kokouksen laillisuus ja p\u00e4\u00e4t\u00f6svaltaisuus<\/li>\n<li>Hyv\u00e4ksyt\u00e4\u00e4n kokouksen ty\u00f6j\u00e4rjestys<\/li>\n<li>Esitet\u00e4\u00e4n seuran tilinp\u00e4\u00e4t\u00f6kset, vuosikertomukset ja tilintarkastajien lausunnot vuosikokousten v\u00e4liselt\u00e4 ajalta<\/li>\n<li>P\u00e4\u00e4tet\u00e4\u00e4n tilinp\u00e4\u00e4t\u00f6sten vahvistamisesta ja vastuuvapauden my\u00f6nt\u00e4misest\u00e4<\/li>\n<li>Vahvistetaan toimintasuunnitelma, tulo- ja menoarvio sek\u00e4 liittymis- ja j\u00e4senmaksu seuraavalle toimikaudelle<\/li>\n<li>Valitaan hallituksen puheenjohtaja, varapuheenjohtaja sek\u00e4 muut j\u00e4senet<\/li>\n<li>Valitaan kaksi tilintarkastajaa ja heille kaksi varamiest\u00e4 seuraavaksi toimikaudeksi<\/li>\n<li>K\u00e4sitell\u00e4\u00e4n muut kokouskutsussa mainitut asiat<\/li>\n<\/ol>\n<p>Mik\u00e4li seuran j\u00e4sen haluaa saada jonkin asian seuraavan vuosikokouksen k\u00e4sitelt\u00e4v\u00e4ksi, on h\u00e4nen siit\u00e4 kirjallisesti ilmoitettava niin hyviss\u00e4 ajoin, ett\u00e4 asia voidaan sis\u00e4llytt\u00e4\u00e4 kokouskutsuun<\/p>\n<p><strong>10 \u00a7 S\u00c4\u00c4NT\u00d6JEN MUUTTAMINEN JA SUKUSEURAN PURKAMINEN<\/strong><\/p>\n<p>P\u00e4\u00e4t\u00f6s s\u00e4\u00e4nt\u00f6jen muuttamisesta ja seuran purkamisesta on teht\u00e4v\u00e4 seuran kokouksessa v\u00e4hint\u00e4\u00e4n kolmen nelj\u00e4sosan (3\/4) enemmist\u00f6ll\u00e4 annetuista \u00e4\u00e4nist\u00e4. Kokouskutsussa on mainittava s\u00e4\u00e4nt\u00f6jen muuttamisesta tai sukuseuran purkamisesta.<\/p>\n<p>Sukuseuran purkautuessa k\u00e4ytet\u00e4\u00e4n seuran varat seuran tarkoituksen edist\u00e4miseen purkautumisesta p\u00e4\u00e4tt\u00e4v\u00e4n kokouksen m\u00e4\u00e4r\u00e4\u00e4m\u00e4ll\u00e4 tavalla. Sukuseuran tullessa lakkautetuksi k\u00e4ytet\u00e4\u00e4n varat samaan tarkoitukseen.<\/p>\n","protected":false},"excerpt":{"rendered":"<p>HEIKKOSTEN SUKUSEURA RY:N S\u00c4\u00c4NN\u00d6T 1 \u00a7 NIMI JA KOTIPAIKKA Yhdistyksen nimi on Heikkosten Sukuseura ry, kotipaikka Helsingin kaupunki ja toimialue, koko maa. Yhdistyst\u00e4 kutsutaan j\u00e4ljemp\u00e4n\u00e4 sukuseurakasi tai seuraksi. 2 \u00a7 TARKOITUS JA TOIMINTA Sukuseuran tarkoituksena on selvitt\u00e4\u00e4 suvun vaiheita ja &hellip; <a href=\"https:\/\/heikkoset.16mb.com\/index.php\/saannot\/\">Continue reading <span class=\"meta-nav\">&rarr;<\/span><\/a><\/p>\n","protected":false},"author":1,"featured_media":0,"parent":0,"menu_order":0,"comment_status":"closed","ping_status":"closed","template":"","meta":{"ngg_post_thumbnail":0,"footnotes":""},"class_list":["post-102","page","type-page","status-publish","hentry"],"_links":{"self":[{"href":"https:\/\/heikkoset.16mb.com\/index.php\/wp-json\/wp\/v2\/pages\/102","targetHints":{"allow":["GET"]}}],"collection":[{"href":"https:\/\/heikkoset.16mb.com\/index.php\/wp-json\/wp\/v2\/pages"}],"about":[{"href":"https:\/\/heikkoset.16mb.com\/index.php\/wp-json\/wp\/v2\/types\/page"}],"author":[{"embeddable":true,"href":"https:\/\/heikkoset.16mb.com\/index.php\/wp-json\/wp\/v2\/users\/1"}],"replies":[{"embeddable":true,"href":"https:\/\/heikkoset.16mb.com\/index.php\/wp-json\/wp\/v2\/comments?post=102"}],"version-history":[{"count":1,"href":"https:\/\/heikkoset.16mb.com\/index.php\/wp-json\/wp\/v2\/pages\/102\/revisions"}],"predecessor-version":[{"id":103,"href":"https:\/\/heikkoset.16mb.com\/index.php\/wp-json\/wp\/v2\/pages\/102\/revisions\/103"}],"wp:attachment":[{"href":"https:\/\/heikkoset.16mb.com\/index.php\/wp-json\/wp\/v2\/media?parent=102"}],"curies":[{"name":"wp","href":"https:\/\/api.w.org\/{rel}","templated":true}]}}