{"id":12,"date":"2018-03-20T16:18:45","date_gmt":"2018-03-20T16:18:45","guid":{"rendered":"http:\/\/heikkoset.16mb.com\/?page_id=12"},"modified":"2018-03-22T13:48:46","modified_gmt":"2018-03-22T11:48:46","slug":"service-3","status":"publish","type":"page","link":"https:\/\/heikkoset.16mb.com\/index.php\/service-4\/service-3\/","title":{"rendered":"Suvun historiaa"},"content":{"rendered":"<div>HEIKKOLAN HEIKKOSTEN SUKUTUTKIMUS VUOTEEN 1900<\/div>\n<div>Taulu 1<\/div>\n<div>I.<\/div>\n<div>Juhana Eerikinpoika Tihver\u00e4<\/div>\n<div>eli<\/div>\n<div>Heikkonen<\/div>\n<div>, talonis\u00e4nt\u00e4 J\u00e4\u00e4sken pit\u00e4j\u00e4n Kirvun kappelikunnan<\/div>\n<div>(my\u00f6h. Antrean seurakunnan) Sairalan kyl\u00e4ss\u00e4 henkikirjoissa 1680<\/div>\n<div>\u2013<\/div>\n<div>1708.<\/div>\n<div>Kirjattiin viel\u00e4 Antrean<\/div>\n<div>ensimm\u00e4iseen rippikirjaan 1727. Syntyi (kuolini\u00e4st\u00e4 laskien) n. 1638, haudattiin Kirvun<\/div>\n<div>Heikkolassa 30.7.1729.<\/div>\n<div>\u2013<\/div>\n<div>P:so<\/div>\n<div>N. N<\/div>\n<div>. Juhanalla on henkikirjoissa 1682<\/div>\n<div>\u2013<\/div>\n<div>1702 samanniminen<\/div>\n<div>pikkuveli Juhana junior, joka lienee se Juhana Eerikin<\/div>\n<div>poika Heikkonen, joka haudattiin Kirvun<\/div>\n<div>Heikkolassa 17.10.1709.<\/div>\n","protected":false},"excerpt":{"rendered":"<p>HEIKKOLAN HEIKKOSTEN SUKUTUTKIMUS VUOTEEN 1900 Taulu 1 I. Juhana Eerikinpoika Tihver\u00e4 eli Heikkonen , talonis\u00e4nt\u00e4 J\u00e4\u00e4sken pit\u00e4j\u00e4n Kirvun kappelikunnan (my\u00f6h. Antrean seurakunnan) Sairalan kyl\u00e4ss\u00e4 henkikirjoissa 1680 \u2013 1708. Kirjattiin viel\u00e4 Antrean ensimm\u00e4iseen rippikirjaan 1727. Syntyi (kuolini\u00e4st\u00e4 laskien) n. 1638, haudattiin &hellip; <a href=\"https:\/\/heikkoset.16mb.com\/index.php\/service-4\/service-3\/\">Continue reading <span class=\"meta-nav\">&rarr;<\/span><\/a><\/p>\n","protected":false},"author":1,"featured_media":0,"parent":13,"menu_order":0,"comment_status":"closed","ping_status":"closed","template":"","meta":{"ngg_post_thumbnail":0,"footnotes":""},"class_list":["post-12","page","type-page","status-publish","hentry"],"_links":{"self":[{"href":"https:\/\/heikkoset.16mb.com\/index.php\/wp-json\/wp\/v2\/pages\/12","targetHints":{"allow":["GET"]}}],"collection":[{"href":"https:\/\/heikkoset.16mb.com\/index.php\/wp-json\/wp\/v2\/pages"}],"about":[{"href":"https:\/\/heikkoset.16mb.com\/index.php\/wp-json\/wp\/v2\/types\/page"}],"author":[{"embeddable":true,"href":"https:\/\/heikkoset.16mb.com\/index.php\/wp-json\/wp\/v2\/users\/1"}],"replies":[{"embeddable":true,"href":"https:\/\/heikkoset.16mb.com\/index.php\/wp-json\/wp\/v2\/comments?post=12"}],"version-history":[{"count":4,"href":"https:\/\/heikkoset.16mb.com\/index.php\/wp-json\/wp\/v2\/pages\/12\/revisions"}],"predecessor-version":[{"id":149,"href":"https:\/\/heikkoset.16mb.com\/index.php\/wp-json\/wp\/v2\/pages\/12\/revisions\/149"}],"up":[{"embeddable":true,"href":"https:\/\/heikkoset.16mb.com\/index.php\/wp-json\/wp\/v2\/pages\/13"}],"wp:attachment":[{"href":"https:\/\/heikkoset.16mb.com\/index.php\/wp-json\/wp\/v2\/media?parent=12"}],"curies":[{"name":"wp","href":"https:\/\/api.w.org\/{rel}","templated":true}]}}