{"id":13,"date":"2018-03-20T16:18:45","date_gmt":"2018-03-20T16:18:45","guid":{"rendered":"http:\/\/heikkoset.16mb.com\/?page_id=13"},"modified":"2018-03-22T13:50:49","modified_gmt":"2018-03-22T11:50:49","slug":"service-4","status":"publish","type":"page","link":"https:\/\/heikkoset.16mb.com\/index.php\/service-4\/","title":{"rendered":"Terveiset Lissabonista"},"content":{"rendered":"<p>Hei sukulaiset siell\u00e4 Suomessa,<\/p>\n<p>marraskuiset terveiset t\u00e4\u00e4lt\u00e4 Portugalista, jossa t\u00e4n\u00e4 vuonna syksy\u00e4 ei ole lainkaan koettu, vaan kes\u00e4 jatkuu edelleen entiseen malliin. \u00a0Lissabon on t\u00e4ynn\u00e4 turisteja, joita risteilyalukset rahtaavat kaupunkiin p\u00e4ivitt\u00e4in.\u00a0 Parvekkeelta seuraamme, kun laivat (lienev\u00e4tk\u00f6 suomalaisten rakentamia) hitaasti lipuvat ohitsemme ja illan suussa t\u00e4ysvalaistuksessa takaisin avomerelle kohti seuraavaa kohdetta.\u00a0 Lissabon on kovasti ruuhkainen p\u00e4iv\u00e4saikaan ja riemukaaren koristama Rua Augusta, yksi p\u00e4\u00e4kaduista, on kokonaan muutettu k\u00e4velykaduksi ja ravintoloiksi.\u00a0 Ennen vanhaan se oli t\u00e4ynn\u00e4 hienoja italialaisia ja ranskalaisia merkkivaatteita myyvi\u00e4 kauppoja, v\u00e4liss\u00e4 jonkun arvostetun pankin p\u00e4\u00e4konttori.\u00a0 No, eip\u00e4h\u00e4n sinne ole ennenk\u00e4\u00e4n ollut mit\u00e4\u00e4n asiaa<\/p>\n","protected":false},"excerpt":{"rendered":"<p>Hei sukulaiset siell\u00e4 Suomessa, marraskuiset terveiset t\u00e4\u00e4lt\u00e4 Portugalista, jossa t\u00e4n\u00e4 vuonna syksy\u00e4 ei ole lainkaan koettu, vaan kes\u00e4 jatkuu edelleen entiseen malliin. \u00a0Lissabon on t\u00e4ynn\u00e4 turisteja, joita risteilyalukset rahtaavat kaupunkiin p\u00e4ivitt\u00e4in.\u00a0 Parvekkeelta seuraamme, kun laivat (lienev\u00e4tk\u00f6 suomalaisten rakentamia) hitaasti lipuvat &hellip; <a href=\"https:\/\/heikkoset.16mb.com\/index.php\/service-4\/\">Continue reading <span class=\"meta-nav\">&rarr;<\/span><\/a><\/p>\n","protected":false},"author":1,"featured_media":0,"parent":0,"menu_order":0,"comment_status":"closed","ping_status":"closed","template":"","meta":{"ngg_post_thumbnail":0,"footnotes":""},"class_list":["post-13","page","type-page","status-publish","hentry"],"_links":{"self":[{"href":"https:\/\/heikkoset.16mb.com\/index.php\/wp-json\/wp\/v2\/pages\/13","targetHints":{"allow":["GET"]}}],"collection":[{"href":"https:\/\/heikkoset.16mb.com\/index.php\/wp-json\/wp\/v2\/pages"}],"about":[{"href":"https:\/\/heikkoset.16mb.com\/index.php\/wp-json\/wp\/v2\/types\/page"}],"author":[{"embeddable":true,"href":"https:\/\/heikkoset.16mb.com\/index.php\/wp-json\/wp\/v2\/users\/1"}],"replies":[{"embeddable":true,"href":"https:\/\/heikkoset.16mb.com\/index.php\/wp-json\/wp\/v2\/comments?post=13"}],"version-history":[{"count":4,"href":"https:\/\/heikkoset.16mb.com\/index.php\/wp-json\/wp\/v2\/pages\/13\/revisions"}],"predecessor-version":[{"id":151,"href":"https:\/\/heikkoset.16mb.com\/index.php\/wp-json\/wp\/v2\/pages\/13\/revisions\/151"}],"wp:attachment":[{"href":"https:\/\/heikkoset.16mb.com\/index.php\/wp-json\/wp\/v2\/media?parent=13"}],"curies":[{"name":"wp","href":"https:\/\/api.w.org\/{rel}","templated":true}]}}