{"id":924,"date":"2022-11-07T17:31:47","date_gmt":"2022-11-07T15:31:47","guid":{"rendered":"http:\/\/heikkoset.16mb.com\/?page_id=924"},"modified":"2022-11-07T17:31:47","modified_gmt":"2022-11-07T15:31:47","slug":"sukukokous-2023","status":"publish","type":"page","link":"https:\/\/heikkoset.16mb.com\/index.php\/sukukokous-2023\/","title":{"rendered":"Sukukokous 2023"},"content":{"rendered":"<p>Vuonna 2023 tapaamme Joutsassa 19.8.2023.<\/p>\n<p>Liisa ja Antti Arvo ja Mailis ja Heikki Teiro kilist\u00e4v\u00e4t t\u00e4ss\u00e4 jokavuotisen tapaamisen ja v\u00e4h\u00e4n muidenkin kuulumisten kunniaksi H\u00e4meenlinnassa 5.11.22 ja l\u00e4hett\u00e4v\u00e4t terveisi\u00e4 muille sukuseuran j\u00e4senille. N\u00e4hd\u00e4\u00e4n viimeist\u00e4\u00e4n Joutsassa ensivuonna.<\/p>\n<p>&nbsp;<\/p>\n<p>&nbsp;<\/p>\n\n\n<figure class=\"wp-block-image size-full\"><img loading=\"lazy\" decoding=\"async\" width=\"640\" height=\"480\" src=\"https:\/\/heikkoset.16mb.com\/wp-content\/uploads\/2022\/11\/image0.jpeg\" alt=\"\" class=\"wp-image-925\" srcset=\"https:\/\/heikkoset.16mb.com\/wp-content\/uploads\/2022\/11\/image0.jpeg 640w, https:\/\/heikkoset.16mb.com\/wp-content\/uploads\/2022\/11\/image0-300x225.jpeg 300w\" sizes=\"auto, (max-width: 640px) 100vw, 640px\" \/><\/figure>\n","protected":false},"excerpt":{"rendered":"<p>Vuonna 2023 tapaamme Joutsassa 19.8.2023. Liisa ja Antti Arvo ja Mailis ja Heikki Teiro kilist\u00e4v\u00e4t t\u00e4ss\u00e4 jokavuotisen tapaamisen ja v\u00e4h\u00e4n muidenkin kuulumisten kunniaksi H\u00e4meenlinnassa 5.11.22 ja l\u00e4hett\u00e4v\u00e4t terveisi\u00e4 muille sukuseuran j\u00e4senille. N\u00e4hd\u00e4\u00e4n viimeist\u00e4\u00e4n Joutsassa ensivuonna. &nbsp; &nbsp;<\/p>\n","protected":false},"author":1,"featured_media":0,"parent":0,"menu_order":0,"comment_status":"closed","ping_status":"closed","template":"","meta":{"ngg_post_thumbnail":0,"footnotes":""},"class_list":["post-924","page","type-page","status-publish","hentry"],"_links":{"self":[{"href":"https:\/\/heikkoset.16mb.com\/index.php\/wp-json\/wp\/v2\/pages\/924","targetHints":{"allow":["GET"]}}],"collection":[{"href":"https:\/\/heikkoset.16mb.com\/index.php\/wp-json\/wp\/v2\/pages"}],"about":[{"href":"https:\/\/heikkoset.16mb.com\/index.php\/wp-json\/wp\/v2\/types\/page"}],"author":[{"embeddable":true,"href":"https:\/\/heikkoset.16mb.com\/index.php\/wp-json\/wp\/v2\/users\/1"}],"replies":[{"embeddable":true,"href":"https:\/\/heikkoset.16mb.com\/index.php\/wp-json\/wp\/v2\/comments?post=924"}],"version-history":[{"count":1,"href":"https:\/\/heikkoset.16mb.com\/index.php\/wp-json\/wp\/v2\/pages\/924\/revisions"}],"predecessor-version":[{"id":926,"href":"https:\/\/heikkoset.16mb.com\/index.php\/wp-json\/wp\/v2\/pages\/924\/revisions\/926"}],"wp:attachment":[{"href":"https:\/\/heikkoset.16mb.com\/index.php\/wp-json\/wp\/v2\/media?parent=924"}],"curies":[{"name":"wp","href":"https:\/\/api.w.org\/{rel}","templated":true}]}}