{"id":99,"date":"2018-03-21T08:24:33","date_gmt":"2018-03-21T06:24:33","guid":{"rendered":"http:\/\/heikkoset.16mb.com\/?page_id=99"},"modified":"2018-09-04T15:23:54","modified_gmt":"2018-09-04T12:23:54","slug":"karjalaisia-lauluja","status":"publish","type":"page","link":"https:\/\/heikkoset.16mb.com\/index.php\/karjalaisia-lauluja\/","title":{"rendered":"Karjalaisia lauluja"},"content":{"rendered":"<div id=\"post-body-2736169561146912924\" class=\"post-body entry-content\">\n<h2><b>Karjalan kunnailla<\/b><br \/>\nJo Karjalan kunnailla lehtii puu,<br \/>\njo Karjalan koivikot tuuhettuu,<br \/>\nk\u00e4ki kukkuu siell\u00e4 ja kev\u00e4t on,<br \/>\nvie sinne mun kaihoni pohjaton.<br \/>\nMa tunnen sun vaaras ja vuoristovy\u00f6s<br \/>\nja kaskien sauhut ja uinuvat y\u00f6s<br \/>\nja synkkien metsien aarniopuut<br \/>\nja siint\u00e4v\u00e4t salmes ja vuonojen suut.<br \/>\nSiell\u2019 usein matkani m\u00e4\u00e4r\u00e4t\u00f6in<br \/>\nl\u00e4pi metsien kulki ja n\u00e4reik\u00f6in,<br \/>\nmin\u00e4 seisoin vaaroilla paljain p\u00e4in,<br \/>\nmiss\u00e4 Karjalan kauniin eess\u00e4in n\u00e4in.<br \/>\nTai l\u00e4ksin kylihin urhojen luo,<br \/>\nmiss\u2019 yh\u00e4\u00e4ll\u00e4 vaaroilla asui nuo,<br \/>\nn\u00e4in miehet kunnon ja hilpe\u00e4n ty\u00f6n<br \/>\nja n\u00e4in, miss\u00e4 sykkii Karjalan sy\u00f6n.<\/h2>\n<h2>&nbsp;<\/h2>\n<div>\n<h2><b>Karjalaisten laulu<\/b><\/h2>\n<h2>Suloisessa Suomessamme<br \/>\noisko maata armaampaa,<br \/>\nkuin on kaunis Karjalamme,<br \/>\nlaulun laaja kotimaa!<br \/>\n:,: Lauluna sen kosket kuohuu,<br \/>\nj\u00e4rven aallot loiskuaa,<br \/>\ns\u00e4veleit\u00e4 salot huokuu,<br \/>\nikihongat humajaa.:,:<br \/>\nEi oo meill\u00e4 rikkautta<br \/>\neik\u00e4 maamme viljavaa,<br \/>\nvaan on laulun runsautta<br \/>\nkylv\u00e4m\u00e4tt\u00e4 kasvavaa.<br \/>\n:,: Sit\u2019 ei pane Id\u00e4n halla<br \/>\neik\u00e4 Pohjan pakkaset,<br \/>\nse ei sorru sortamalla,<br \/>\nsit\u00e4 ei ly\u00f6 rekehet.:,:<br \/>\nKonsa vaino Suomeamme<br \/>\nkovin kourin koettelee,<br \/>\nsilloin kurja Karjalamme<br \/>\nSuomen surut soittelee.<br \/>\n:,: Ja kun onnen p\u00e4iv\u00e4n koitto<br \/>\nSuomellen tas sarastaa,<br \/>\nsilloin riemun suuri soitto<br \/>\nKarjalasta kajahtaa.:,:<\/h2>\n<p>&nbsp;<\/p>\n<h2><img loading=\"lazy\" decoding=\"async\" class=\"alignnone wp-image-497 size-large\" src=\"https:\/\/heikkoset.16mb.com\/wp-content\/uploads\/2018\/09\/SynnyinmaanLaulu-756x1024.jpg\" alt=\"\" width=\"640\" height=\"867\" srcset=\"https:\/\/heikkoset.16mb.com\/wp-content\/uploads\/2018\/09\/SynnyinmaanLaulu.jpg 756w, https:\/\/heikkoset.16mb.com\/wp-content\/uploads\/2018\/09\/SynnyinmaanLaulu-221x300.jpg 221w\" sizes=\"auto, (max-width: 640px) 100vw, 640px\" \/><\/h2>\n<\/div>\n<\/div>\n","protected":false},"excerpt":{"rendered":"<p>Karjalan kunnailla Jo Karjalan kunnailla lehtii puu, jo Karjalan koivikot tuuhettuu, k\u00e4ki kukkuu siell\u00e4 ja kev\u00e4t on, vie sinne mun kaihoni pohjaton. Ma tunnen sun vaaras ja vuoristovy\u00f6s ja kaskien sauhut ja uinuvat y\u00f6s ja synkkien metsien aarniopuut ja siint\u00e4v\u00e4t &hellip; <a href=\"https:\/\/heikkoset.16mb.com\/index.php\/karjalaisia-lauluja\/\">Continue reading <span class=\"meta-nav\">&rarr;<\/span><\/a><\/p>\n","protected":false},"author":1,"featured_media":0,"parent":0,"menu_order":0,"comment_status":"closed","ping_status":"closed","template":"","meta":{"ngg_post_thumbnail":0,"footnotes":""},"class_list":["post-99","page","type-page","status-publish","hentry"],"_links":{"self":[{"href":"https:\/\/heikkoset.16mb.com\/index.php\/wp-json\/wp\/v2\/pages\/99","targetHints":{"allow":["GET"]}}],"collection":[{"href":"https:\/\/heikkoset.16mb.com\/index.php\/wp-json\/wp\/v2\/pages"}],"about":[{"href":"https:\/\/heikkoset.16mb.com\/index.php\/wp-json\/wp\/v2\/types\/page"}],"author":[{"embeddable":true,"href":"https:\/\/heikkoset.16mb.com\/index.php\/wp-json\/wp\/v2\/users\/1"}],"replies":[{"embeddable":true,"href":"https:\/\/heikkoset.16mb.com\/index.php\/wp-json\/wp\/v2\/comments?post=99"}],"version-history":[{"count":8,"href":"https:\/\/heikkoset.16mb.com\/index.php\/wp-json\/wp\/v2\/pages\/99\/revisions"}],"predecessor-version":[{"id":503,"href":"https:\/\/heikkoset.16mb.com\/index.php\/wp-json\/wp\/v2\/pages\/99\/revisions\/503"}],"wp:attachment":[{"href":"https:\/\/heikkoset.16mb.com\/index.php\/wp-json\/wp\/v2\/media?parent=99"}],"curies":[{"name":"wp","href":"https:\/\/api.w.org\/{rel}","templated":true}]}}